{"id":855,"date":"2024-01-20T13:57:10","date_gmt":"2024-01-20T12:57:10","guid":{"rendered":"https:\/\/www.activ-kranwerbung.com\/pubblicita-perfetta-della-gru\/"},"modified":"2025-02-24T16:10:17","modified_gmt":"2025-02-24T15:10:17","slug":"pubblicita-perfetta-della-gru","status":"publish","type":"page","link":"https:\/\/www.activ-kranwerbung.com\/it\/","title":{"rendered":"Pubblicit\u00e0 perfetta della gru"},"content":{"rendered":"","protected":false},"excerpt":{"rendered":"","protected":false},"author":1,"featured_media":257,"parent":0,"menu_order":0,"comment_status":"closed","ping_status":"closed","template":"","meta":{"footnotes":""},"class_list":["post-855","page","type-page","status-publish","has-post-thumbnail","hentry"],"yoast_head":"<!-- This site is optimized with the Yoast SEO Premium plugin v24.8 (Yoast SEO v24.8.1) - https:\/\/yoast.com\/wordpress\/plugins\/seo\/ -->\n<title>Insegne luminose per gru, cassette luminose per gru | Esperti di pubblicit\u00e0 per gru<\/title>\n<meta name=\"description\" content=\"Le insegne luminose per gru come efficace pubblicit\u00e0 per gru. Soluzioni di fissaggio testate per tutti i produttori di gru edili. Installazione Plug &amp; Play.\" \/>\n<meta name=\"robots\" content=\"index, follow, max-snippet:-1, max-image-preview:large, max-video-preview:-1\" \/>\n<link rel=\"canonical\" href=\"https:\/\/www.activ-kranwerbung.com\/it\/\" \/>\n<meta property=\"og:locale\" content=\"it_IT\" \/>\n<meta property=\"og:type\" content=\"article\" \/>\n<meta property=\"og:title\" content=\"Pubblicit\u00e0 perfetta della gru\" \/>\n<meta property=\"og:description\" content=\"Le insegne luminose per gru come efficace pubblicit\u00e0 per gru. Soluzioni di fissaggio testate per tutti i produttori di gru edili. Installazione Plug &amp; Play.\" \/>\n<meta property=\"og:url\" content=\"https:\/\/www.activ-kranwerbung.com\/it\/\" \/>\n<meta property=\"og:site_name\" content=\"Activ Kranwerbung\" \/>\n<meta property=\"article:publisher\" content=\"https:\/\/www.facebook.com\/activ.werbetechnik\/\" \/>\n<meta property=\"article:modified_time\" content=\"2025-02-24T15:10:17+00:00\" \/>\n<meta property=\"og:image\" content=\"https:\/\/www.activ-kranwerbung.com\/wp-content\/uploads\/2024\/01\/L1D-20c2060-Verbessert-NR.jpg\" \/>\n\t<meta property=\"og:image:width\" content=\"2000\" \/>\n\t<meta property=\"og:image:height\" content=\"1323\" \/>\n\t<meta property=\"og:image:type\" content=\"image\/jpeg\" \/>\n<meta name=\"twitter:card\" content=\"summary_large_image\" \/>\n<script type=\"application\/ld+json\" class=\"yoast-schema-graph\">{\"@context\":\"https:\/\/schema.org\",\"@graph\":[{\"@type\":\"WebPage\",\"@id\":\"https:\/\/www.activ-kranwerbung.com\/it\/\",\"url\":\"https:\/\/www.activ-kranwerbung.com\/it\/\",\"name\":\"Insegne luminose per gru, cassette luminose per gru | Esperti di pubblicit\u00e0 per gru\",\"isPartOf\":{\"@id\":\"https:\/\/www.activ-kranwerbung.com\/it\/#website\"},\"primaryImageOfPage\":{\"@id\":\"https:\/\/www.activ-kranwerbung.com\/it\/#primaryimage\"},\"image\":{\"@id\":\"https:\/\/www.activ-kranwerbung.com\/it\/#primaryimage\"},\"thumbnailUrl\":\"https:\/\/www.activ-kranwerbung.com\/wp-content\/uploads\/2024\/01\/L1D-20c2060-Verbessert-NR.jpg\",\"datePublished\":\"2024-01-20T12:57:10+00:00\",\"dateModified\":\"2025-02-24T15:10:17+00:00\",\"description\":\"Le insegne luminose per gru come efficace pubblicit\u00e0 per gru. Soluzioni di fissaggio testate per tutti i produttori di gru edili. Installazione Plug & Play.\",\"breadcrumb\":{\"@id\":\"https:\/\/www.activ-kranwerbung.com\/it\/#breadcrumb\"},\"inLanguage\":\"it-IT\",\"potentialAction\":[{\"@type\":\"ReadAction\",\"target\":[\"https:\/\/www.activ-kranwerbung.com\/it\/\"]}]},{\"@type\":\"ImageObject\",\"inLanguage\":\"it-IT\",\"@id\":\"https:\/\/www.activ-kranwerbung.com\/it\/#primaryimage\",\"url\":\"https:\/\/www.activ-kranwerbung.com\/wp-content\/uploads\/2024\/01\/L1D-20c2060-Verbessert-NR.jpg\",\"contentUrl\":\"https:\/\/www.activ-kranwerbung.com\/wp-content\/uploads\/2024\/01\/L1D-20c2060-Verbessert-NR.jpg\",\"width\":2000,\"height\":1323},{\"@type\":\"BreadcrumbList\",\"@id\":\"https:\/\/www.activ-kranwerbung.com\/it\/#breadcrumb\",\"itemListElement\":[{\"@type\":\"ListItem\",\"position\":1,\"name\":\"Startseite\",\"item\":\"https:\/\/www.activ-kranwerbung.com\/it\/pubblicita-perfetta-della-gru\/\"},{\"@type\":\"ListItem\",\"position\":2,\"name\":\"Pubblicit\u00e0 perfetta della gru\"}]},{\"@type\":\"WebSite\",\"@id\":\"https:\/\/www.activ-kranwerbung.com\/it\/#website\",\"url\":\"https:\/\/www.activ-kranwerbung.com\/it\/\",\"name\":\"ACTIV Kranwerbung\",\"description\":\"Kanleuchtk\u00e4sten f\u00fcr alle g\u00e4nigen Systeme\",\"publisher\":{\"@id\":\"https:\/\/www.activ-kranwerbung.com\/it\/#organization\"},\"potentialAction\":[{\"@type\":\"SearchAction\",\"target\":{\"@type\":\"EntryPoint\",\"urlTemplate\":\"https:\/\/www.activ-kranwerbung.com\/it\/?s={search_term_string}\"},\"query-input\":{\"@type\":\"PropertyValueSpecification\",\"valueRequired\":true,\"valueName\":\"search_term_string\"}}],\"inLanguage\":\"it-IT\"},{\"@type\":\"Organization\",\"@id\":\"https:\/\/www.activ-kranwerbung.com\/it\/#organization\",\"name\":\"ACTIV Werbetechnik GmbH\",\"url\":\"https:\/\/www.activ-kranwerbung.com\/it\/\",\"logo\":{\"@type\":\"ImageObject\",\"inLanguage\":\"it-IT\",\"@id\":\"https:\/\/www.activ-kranwerbung.com\/it\/#\/schema\/logo\/image\/\",\"url\":\"https:\/\/www.activ-kranwerbung.com\/wp-content\/uploads\/2024\/01\/Logo_Activ_Kranwerbung.svg\",\"contentUrl\":\"https:\/\/www.activ-kranwerbung.com\/wp-content\/uploads\/2024\/01\/Logo_Activ_Kranwerbung.svg\",\"width\":266,\"height\":82,\"caption\":\"ACTIV Werbetechnik GmbH\"},\"image\":{\"@id\":\"https:\/\/www.activ-kranwerbung.com\/it\/#\/schema\/logo\/image\/\"},\"sameAs\":[\"https:\/\/www.facebook.com\/activ.werbetechnik\/\",\"https:\/\/www.instagram.com\/activ_werbetechnik_gmbh\/\"]}]}<\/script>\n<!-- \/ Yoast SEO Premium plugin. -->","yoast_head_json":{"title":"Insegne luminose per gru, cassette luminose per gru | Esperti di pubblicit\u00e0 per gru","description":"Le insegne luminose per gru come efficace pubblicit\u00e0 per gru. Soluzioni di fissaggio testate per tutti i produttori di gru edili. Installazione Plug & Play.","robots":{"index":"index","follow":"follow","max-snippet":"max-snippet:-1","max-image-preview":"max-image-preview:large","max-video-preview":"max-video-preview:-1"},"canonical":"https:\/\/www.activ-kranwerbung.com\/it\/","og_locale":"it_IT","og_type":"article","og_title":"Pubblicit\u00e0 perfetta della gru","og_description":"Le insegne luminose per gru come efficace pubblicit\u00e0 per gru. Soluzioni di fissaggio testate per tutti i produttori di gru edili. Installazione Plug & Play.","og_url":"https:\/\/www.activ-kranwerbung.com\/it\/","og_site_name":"Activ Kranwerbung","article_publisher":"https:\/\/www.facebook.com\/activ.werbetechnik\/","article_modified_time":"2025-02-24T15:10:17+00:00","og_image":[{"width":2000,"height":1323,"url":"https:\/\/www.activ-kranwerbung.com\/wp-content\/uploads\/2024\/01\/L1D-20c2060-Verbessert-NR.jpg","type":"image\/jpeg"}],"twitter_card":"summary_large_image","schema":{"@context":"https:\/\/schema.org","@graph":[{"@type":"WebPage","@id":"https:\/\/www.activ-kranwerbung.com\/it\/","url":"https:\/\/www.activ-kranwerbung.com\/it\/","name":"Insegne luminose per gru, cassette luminose per gru | Esperti di pubblicit\u00e0 per gru","isPartOf":{"@id":"https:\/\/www.activ-kranwerbung.com\/it\/#website"},"primaryImageOfPage":{"@id":"https:\/\/www.activ-kranwerbung.com\/it\/#primaryimage"},"image":{"@id":"https:\/\/www.activ-kranwerbung.com\/it\/#primaryimage"},"thumbnailUrl":"https:\/\/www.activ-kranwerbung.com\/wp-content\/uploads\/2024\/01\/L1D-20c2060-Verbessert-NR.jpg","datePublished":"2024-01-20T12:57:10+00:00","dateModified":"2025-02-24T15:10:17+00:00","description":"Le insegne luminose per gru come efficace pubblicit\u00e0 per gru. Soluzioni di fissaggio testate per tutti i produttori di gru edili. Installazione Plug & Play.","breadcrumb":{"@id":"https:\/\/www.activ-kranwerbung.com\/it\/#breadcrumb"},"inLanguage":"it-IT","potentialAction":[{"@type":"ReadAction","target":["https:\/\/www.activ-kranwerbung.com\/it\/"]}]},{"@type":"ImageObject","inLanguage":"it-IT","@id":"https:\/\/www.activ-kranwerbung.com\/it\/#primaryimage","url":"https:\/\/www.activ-kranwerbung.com\/wp-content\/uploads\/2024\/01\/L1D-20c2060-Verbessert-NR.jpg","contentUrl":"https:\/\/www.activ-kranwerbung.com\/wp-content\/uploads\/2024\/01\/L1D-20c2060-Verbessert-NR.jpg","width":2000,"height":1323},{"@type":"BreadcrumbList","@id":"https:\/\/www.activ-kranwerbung.com\/it\/#breadcrumb","itemListElement":[{"@type":"ListItem","position":1,"name":"Startseite","item":"https:\/\/www.activ-kranwerbung.com\/it\/pubblicita-perfetta-della-gru\/"},{"@type":"ListItem","position":2,"name":"Pubblicit\u00e0 perfetta della gru"}]},{"@type":"WebSite","@id":"https:\/\/www.activ-kranwerbung.com\/it\/#website","url":"https:\/\/www.activ-kranwerbung.com\/it\/","name":"ACTIV Kranwerbung","description":"Kanleuchtk\u00e4sten f\u00fcr alle g\u00e4nigen Systeme","publisher":{"@id":"https:\/\/www.activ-kranwerbung.com\/it\/#organization"},"potentialAction":[{"@type":"SearchAction","target":{"@type":"EntryPoint","urlTemplate":"https:\/\/www.activ-kranwerbung.com\/it\/?s={search_term_string}"},"query-input":{"@type":"PropertyValueSpecification","valueRequired":true,"valueName":"search_term_string"}}],"inLanguage":"it-IT"},{"@type":"Organization","@id":"https:\/\/www.activ-kranwerbung.com\/it\/#organization","name":"ACTIV Werbetechnik GmbH","url":"https:\/\/www.activ-kranwerbung.com\/it\/","logo":{"@type":"ImageObject","inLanguage":"it-IT","@id":"https:\/\/www.activ-kranwerbung.com\/it\/#\/schema\/logo\/image\/","url":"https:\/\/www.activ-kranwerbung.com\/wp-content\/uploads\/2024\/01\/Logo_Activ_Kranwerbung.svg","contentUrl":"https:\/\/www.activ-kranwerbung.com\/wp-content\/uploads\/2024\/01\/Logo_Activ_Kranwerbung.svg","width":266,"height":82,"caption":"ACTIV Werbetechnik GmbH"},"image":{"@id":"https:\/\/www.activ-kranwerbung.com\/it\/#\/schema\/logo\/image\/"},"sameAs":["https:\/\/www.facebook.com\/activ.werbetechnik\/","https:\/\/www.instagram.com\/activ_werbetechnik_gmbh\/"]}]}},"_links":{"self":[{"href":"https:\/\/www.activ-kranwerbung.com\/it\/wp-json\/wp\/v2\/pages\/855","targetHints":{"allow":["GET"]}}],"collection":[{"href":"https:\/\/www.activ-kranwerbung.com\/it\/wp-json\/wp\/v2\/pages"}],"about":[{"href":"https:\/\/www.activ-kranwerbung.com\/it\/wp-json\/wp\/v2\/types\/page"}],"author":[{"embeddable":true,"href":"https:\/\/www.activ-kranwerbung.com\/it\/wp-json\/wp\/v2\/users\/1"}],"replies":[{"embeddable":true,"href":"https:\/\/www.activ-kranwerbung.com\/it\/wp-json\/wp\/v2\/comments?post=855"}],"version-history":[{"count":6,"href":"https:\/\/www.activ-kranwerbung.com\/it\/wp-json\/wp\/v2\/pages\/855\/revisions"}],"predecessor-version":[{"id":983,"href":"https:\/\/www.activ-kranwerbung.com\/it\/wp-json\/wp\/v2\/pages\/855\/revisions\/983"}],"wp:featuredmedia":[{"embeddable":true,"href":"https:\/\/www.activ-kranwerbung.com\/it\/wp-json\/wp\/v2\/media\/257"}],"wp:attachment":[{"href":"https:\/\/www.activ-kranwerbung.com\/it\/wp-json\/wp\/v2\/media?parent=855"}],"curies":[{"name":"wp","href":"https:\/\/api.w.org\/{rel}","templated":true}]}}