{"id":2444,"date":"2025-02-26T14:17:34","date_gmt":"2025-02-26T13:17:34","guid":{"rendered":"https:\/\/www.activ-kranwerbung.com\/?page_id=2444"},"modified":"2025-02-26T14:17:35","modified_gmt":"2025-02-26T13:17:35","slug":"referencias-2","status":"publish","type":"page","link":"https:\/\/www.activ-kranwerbung.com\/es\/referencias-2\/","title":{"rendered":"Referencias"},"content":{"rendered":"","protected":false},"excerpt":{"rendered":"","protected":false},"author":2,"featured_media":0,"parent":0,"menu_order":0,"comment_status":"open","ping_status":"closed","template":"","meta":{"footnotes":""},"class_list":["post-2444","page","type-page","status-publish","hentry"],"yoast_head":"<!-- This site is optimized with the Yoast SEO Premium plugin v24.8 (Yoast SEO v24.8.1) - https:\/\/yoast.com\/wordpress\/plugins\/seo\/ -->\n<title>Publicidad de gr\u00faas ACTIV, referencias y ejemplos de r\u00f3tulos luminosos para gr\u00faas<\/title>\n<meta name=\"description\" content=\"Ejemplos de distintas variantes de r\u00f3tulos luminosos para gr\u00faas. Fabricamos publicidad para gr\u00faas a medida.\" \/>\n<meta name=\"robots\" content=\"index, follow, max-snippet:-1, max-image-preview:large, max-video-preview:-1\" \/>\n<link rel=\"canonical\" href=\"https:\/\/www.activ-kranwerbung.com\/es\/referencias-2\/\" \/>\n<meta property=\"og:locale\" content=\"es_ES\" \/>\n<meta property=\"og:type\" content=\"article\" \/>\n<meta property=\"og:title\" content=\"Referencias\" \/>\n<meta property=\"og:description\" content=\"Ejemplos de distintas variantes de r\u00f3tulos luminosos para gr\u00faas. Fabricamos publicidad para gr\u00faas a medida.\" \/>\n<meta property=\"og:url\" content=\"https:\/\/www.activ-kranwerbung.com\/es\/referencias-2\/\" \/>\n<meta property=\"og:site_name\" content=\"Activ Kranwerbung\" \/>\n<meta property=\"article:publisher\" content=\"https:\/\/www.facebook.com\/activ.werbetechnik\/\" \/>\n<meta property=\"article:modified_time\" content=\"2025-02-26T13:17:35+00:00\" \/>\n<meta name=\"twitter:card\" content=\"summary_large_image\" \/>\n<script type=\"application\/ld+json\" class=\"yoast-schema-graph\">{\"@context\":\"https:\/\/schema.org\",\"@graph\":[{\"@type\":\"WebPage\",\"@id\":\"https:\/\/www.activ-kranwerbung.com\/es\/referencias-2\/\",\"url\":\"https:\/\/www.activ-kranwerbung.com\/es\/referencias-2\/\",\"name\":\"Publicidad de gr\u00faas ACTIV, referencias y ejemplos de r\u00f3tulos luminosos para gr\u00faas\",\"isPartOf\":{\"@id\":\"https:\/\/www.activ-kranwerbung.com\/es\/#website\"},\"datePublished\":\"2025-02-26T13:17:34+00:00\",\"dateModified\":\"2025-02-26T13:17:35+00:00\",\"description\":\"Ejemplos de distintas variantes de r\u00f3tulos luminosos para gr\u00faas. Fabricamos publicidad para gr\u00faas a medida.\",\"breadcrumb\":{\"@id\":\"https:\/\/www.activ-kranwerbung.com\/es\/referencias-2\/#breadcrumb\"},\"inLanguage\":\"es\",\"potentialAction\":[{\"@type\":\"ReadAction\",\"target\":[\"https:\/\/www.activ-kranwerbung.com\/es\/referencias-2\/\"]}]},{\"@type\":\"BreadcrumbList\",\"@id\":\"https:\/\/www.activ-kranwerbung.com\/es\/referencias-2\/#breadcrumb\",\"itemListElement\":[{\"@type\":\"ListItem\",\"position\":1,\"name\":\"Startseite\",\"item\":\"https:\/\/www.activ-kranwerbung.com\/es\/grua-publicitaria-perfecta\/\"},{\"@type\":\"ListItem\",\"position\":2,\"name\":\"Referencias\"}]},{\"@type\":\"WebSite\",\"@id\":\"https:\/\/www.activ-kranwerbung.com\/es\/#website\",\"url\":\"https:\/\/www.activ-kranwerbung.com\/es\/\",\"name\":\"ACTIV Kranwerbung\",\"description\":\"Kanleuchtk\u00e4sten f\u00fcr alle g\u00e4nigen Systeme\",\"publisher\":{\"@id\":\"https:\/\/www.activ-kranwerbung.com\/es\/#organization\"},\"potentialAction\":[{\"@type\":\"SearchAction\",\"target\":{\"@type\":\"EntryPoint\",\"urlTemplate\":\"https:\/\/www.activ-kranwerbung.com\/es\/?s={search_term_string}\"},\"query-input\":{\"@type\":\"PropertyValueSpecification\",\"valueRequired\":true,\"valueName\":\"search_term_string\"}}],\"inLanguage\":\"es\"},{\"@type\":\"Organization\",\"@id\":\"https:\/\/www.activ-kranwerbung.com\/es\/#organization\",\"name\":\"ACTIV Werbetechnik GmbH\",\"url\":\"https:\/\/www.activ-kranwerbung.com\/es\/\",\"logo\":{\"@type\":\"ImageObject\",\"inLanguage\":\"es\",\"@id\":\"https:\/\/www.activ-kranwerbung.com\/es\/#\/schema\/logo\/image\/\",\"url\":\"https:\/\/www.activ-kranwerbung.com\/wp-content\/uploads\/2024\/01\/Logo_Activ_Kranwerbung.svg\",\"contentUrl\":\"https:\/\/www.activ-kranwerbung.com\/wp-content\/uploads\/2024\/01\/Logo_Activ_Kranwerbung.svg\",\"width\":266,\"height\":82,\"caption\":\"ACTIV Werbetechnik GmbH\"},\"image\":{\"@id\":\"https:\/\/www.activ-kranwerbung.com\/es\/#\/schema\/logo\/image\/\"},\"sameAs\":[\"https:\/\/www.facebook.com\/activ.werbetechnik\/\",\"https:\/\/www.instagram.com\/activ_werbetechnik_gmbh\/\"]}]}<\/script>\n<!-- \/ Yoast SEO Premium plugin. -->","yoast_head_json":{"title":"Publicidad de gr\u00faas ACTIV, referencias y ejemplos de r\u00f3tulos luminosos para gr\u00faas","description":"Ejemplos de distintas variantes de r\u00f3tulos luminosos para gr\u00faas. Fabricamos publicidad para gr\u00faas a medida.","robots":{"index":"index","follow":"follow","max-snippet":"max-snippet:-1","max-image-preview":"max-image-preview:large","max-video-preview":"max-video-preview:-1"},"canonical":"https:\/\/www.activ-kranwerbung.com\/es\/referencias-2\/","og_locale":"es_ES","og_type":"article","og_title":"Referencias","og_description":"Ejemplos de distintas variantes de r\u00f3tulos luminosos para gr\u00faas. Fabricamos publicidad para gr\u00faas a medida.","og_url":"https:\/\/www.activ-kranwerbung.com\/es\/referencias-2\/","og_site_name":"Activ Kranwerbung","article_publisher":"https:\/\/www.facebook.com\/activ.werbetechnik\/","article_modified_time":"2025-02-26T13:17:35+00:00","twitter_card":"summary_large_image","schema":{"@context":"https:\/\/schema.org","@graph":[{"@type":"WebPage","@id":"https:\/\/www.activ-kranwerbung.com\/es\/referencias-2\/","url":"https:\/\/www.activ-kranwerbung.com\/es\/referencias-2\/","name":"Publicidad de gr\u00faas ACTIV, referencias y ejemplos de r\u00f3tulos luminosos para gr\u00faas","isPartOf":{"@id":"https:\/\/www.activ-kranwerbung.com\/es\/#website"},"datePublished":"2025-02-26T13:17:34+00:00","dateModified":"2025-02-26T13:17:35+00:00","description":"Ejemplos de distintas variantes de r\u00f3tulos luminosos para gr\u00faas. Fabricamos publicidad para gr\u00faas a medida.","breadcrumb":{"@id":"https:\/\/www.activ-kranwerbung.com\/es\/referencias-2\/#breadcrumb"},"inLanguage":"es","potentialAction":[{"@type":"ReadAction","target":["https:\/\/www.activ-kranwerbung.com\/es\/referencias-2\/"]}]},{"@type":"BreadcrumbList","@id":"https:\/\/www.activ-kranwerbung.com\/es\/referencias-2\/#breadcrumb","itemListElement":[{"@type":"ListItem","position":1,"name":"Startseite","item":"https:\/\/www.activ-kranwerbung.com\/es\/grua-publicitaria-perfecta\/"},{"@type":"ListItem","position":2,"name":"Referencias"}]},{"@type":"WebSite","@id":"https:\/\/www.activ-kranwerbung.com\/es\/#website","url":"https:\/\/www.activ-kranwerbung.com\/es\/","name":"ACTIV Kranwerbung","description":"Kanleuchtk\u00e4sten f\u00fcr alle g\u00e4nigen Systeme","publisher":{"@id":"https:\/\/www.activ-kranwerbung.com\/es\/#organization"},"potentialAction":[{"@type":"SearchAction","target":{"@type":"EntryPoint","urlTemplate":"https:\/\/www.activ-kranwerbung.com\/es\/?s={search_term_string}"},"query-input":{"@type":"PropertyValueSpecification","valueRequired":true,"valueName":"search_term_string"}}],"inLanguage":"es"},{"@type":"Organization","@id":"https:\/\/www.activ-kranwerbung.com\/es\/#organization","name":"ACTIV Werbetechnik GmbH","url":"https:\/\/www.activ-kranwerbung.com\/es\/","logo":{"@type":"ImageObject","inLanguage":"es","@id":"https:\/\/www.activ-kranwerbung.com\/es\/#\/schema\/logo\/image\/","url":"https:\/\/www.activ-kranwerbung.com\/wp-content\/uploads\/2024\/01\/Logo_Activ_Kranwerbung.svg","contentUrl":"https:\/\/www.activ-kranwerbung.com\/wp-content\/uploads\/2024\/01\/Logo_Activ_Kranwerbung.svg","width":266,"height":82,"caption":"ACTIV Werbetechnik GmbH"},"image":{"@id":"https:\/\/www.activ-kranwerbung.com\/es\/#\/schema\/logo\/image\/"},"sameAs":["https:\/\/www.facebook.com\/activ.werbetechnik\/","https:\/\/www.instagram.com\/activ_werbetechnik_gmbh\/"]}]}},"_links":{"self":[{"href":"https:\/\/www.activ-kranwerbung.com\/es\/wp-json\/wp\/v2\/pages\/2444","targetHints":{"allow":["GET"]}}],"collection":[{"href":"https:\/\/www.activ-kranwerbung.com\/es\/wp-json\/wp\/v2\/pages"}],"about":[{"href":"https:\/\/www.activ-kranwerbung.com\/es\/wp-json\/wp\/v2\/types\/page"}],"author":[{"embeddable":true,"href":"https:\/\/www.activ-kranwerbung.com\/es\/wp-json\/wp\/v2\/users\/2"}],"replies":[{"embeddable":true,"href":"https:\/\/www.activ-kranwerbung.com\/es\/wp-json\/wp\/v2\/comments?post=2444"}],"version-history":[{"count":1,"href":"https:\/\/www.activ-kranwerbung.com\/es\/wp-json\/wp\/v2\/pages\/2444\/revisions"}],"predecessor-version":[{"id":2484,"href":"https:\/\/www.activ-kranwerbung.com\/es\/wp-json\/wp\/v2\/pages\/2444\/revisions\/2484"}],"wp:attachment":[{"href":"https:\/\/www.activ-kranwerbung.com\/es\/wp-json\/wp\/v2\/media?parent=2444"}],"curies":[{"name":"wp","href":"https:\/\/api.w.org\/{rel}","templated":true}]}}